{"id":11,"date":"2025-12-02T08:38:16","date_gmt":"2025-12-02T08:38:16","guid":{"rendered":"https:\/\/slargvesc.com\/?page_id=11"},"modified":"2025-12-31T01:19:59","modified_gmt":"2025-12-31T01:19:59","slug":"sobre-mi","status":"publish","type":"page","link":"https:\/\/slargvesc.com\/index.php\/sobre-mi\/","title":{"rendered":"Sobre mi"},"content":{"rendered":"<style>.kb-row-layout-id11_d995d2-9d > .kt-row-column-wrap{align-content:start;}:where(.kb-row-layout-id11_d995d2-9d > .kt-row-column-wrap) > .wp-block-kadence-column{justify-content:start;}.kb-row-layout-id11_d995d2-9d > .kt-row-column-wrap{column-gap:var(--global-kb-gap-md, 2rem);row-gap:var(--global-kb-gap-md, 2rem);max-width:var( --global-content-width, 1290px );padding-left:var(--global-content-edge-padding);padding-right:var(--global-content-edge-padding);padding-top:var(--global-kb-spacing-5xl, 10rem);padding-bottom:var(--global-kb-spacing-5xl, 10rem);min-height:466px;grid-template-columns:minmax(0, 1fr);}.kb-row-layout-id11_d995d2-9d{background-image:url('https:\/\/slargvesc.com\/wp-content\/uploads\/2025\/12\/sobremi-scaled.jpg');background-size:cover;background-position:48% 59%;background-attachment:scroll;background-repeat:no-repeat;}.kb-row-layout-id11_d995d2-9d > .kt-row-layout-overlay{opacity:0.00;background-color:var(--global-palette3, #1A202C);mix-blend-mode:normal;}.kb-row-layout-id11_d995d2-9d .kt-row-layout-bottom-sep{height:72px;}.kb-row-layout-id11_d995d2-9d .kt-row-layout-bottom-sep svg{width:100%;}.kb-row-layout-id11_d995d2-9d .kt-row-layout-bottom-sep svg{fill:var(--global-palette9, #ffffff)!important;}.kb-row-layout-id11_d995d2-9d .kt-row-layout-top-sep{height:22px;}.kb-row-layout-id11_d995d2-9d .kt-row-layout-top-sep svg{width:100%;}.kb-row-layout-id11_d995d2-9d .kt-row-layout-top-sep svg{fill:#ffffff!important;}@media all and (max-width: 1024px){.kb-row-layout-id11_d995d2-9d > .kt-row-column-wrap{padding-top:0px;padding-bottom:var(--global-kb-spacing-5xl, 10rem);grid-template-columns:minmax(0, 1fr);}}@media all and (max-width: 1024px){.kb-row-layout-id11_d995d2-9d .kt-row-layout-bottom-sep{height:41px;}}@media all and (max-width: 1024px){.kb-row-layout-id11_d995d2-9d .kt-row-layout-bottom-sep svg{width:%;}}@media all and (max-width: 767px){.kb-row-layout-id11_d995d2-9d > .kt-row-column-wrap{padding-top:0px;padding-bottom:var(--global-kb-spacing-lg, 3rem);min-height:189px;grid-template-columns:minmax(0, 1fr);}.kb-row-layout-id11_d995d2-9d .kt-row-layout-bottom-sep{height:17px;}.kb-row-layout-id11_d995d2-9d .kt-row-layout-bottom-sep svg{width:%;}}<\/style><div class=\"kb-row-layout-wrap kb-row-layout-id11_d995d2-9d alignnone kt-row-has-bg wp-block-kadence-rowlayout\"><div class=\"kt-row-layout-overlay kt-row-overlay-normal\"><\/div><div class=\"kt-row-layout-bottom-sep kt-row-sep-type-crvl\"><svg viewBox=\"0 0 1000 100\" preserveAspectRatio=\"none\"><path d=\"M1000,100c0,0 -420.987,-98 -650,-98c-229.013,0 -350,98 -350,98l1000,0Z\" \/><\/svg><\/div><div class=\"kt-row-column-wrap kt-has-1-columns kt-row-layout-equal kt-tab-layout-inherit kt-mobile-layout-row kt-row-valign-top kb-theme-content-width\">\n<style>.kadence-column11_49067e-59 > .kt-inside-inner-col,.kadence-column11_49067e-59 > .kt-inside-inner-col:before{border-top-left-radius:0px;border-top-right-radius:0px;border-bottom-right-radius:0px;border-bottom-left-radius:0px;}.kadence-column11_49067e-59 > .kt-inside-inner-col{column-gap:var(--global-kb-gap-sm, 1rem);}.kadence-column11_49067e-59 > .kt-inside-inner-col{flex-direction:column;}.kadence-column11_49067e-59 > .kt-inside-inner-col > .aligncenter{width:100%;}.kadence-column11_49067e-59 > .kt-inside-inner-col:before{opacity:0.3;}.kadence-column11_49067e-59{position:relative;}@media all and (max-width: 1024px){.kadence-column11_49067e-59 > .kt-inside-inner-col{flex-direction:column;justify-content:center;}}@media all and (max-width: 767px){.kadence-column11_49067e-59 > .kt-inside-inner-col{flex-direction:column;justify-content:center;}}<\/style>\n<div class=\"wp-block-kadence-column kadence-column11_49067e-59\"><div class=\"kt-inside-inner-col\"><\/div><\/div>\n\n<\/div><\/div>\n\n<style>.kadence-column11_79395d-cf > .kt-inside-inner-col{display:flex;}.kadence-column11_79395d-cf > .kt-inside-inner-col{padding-top:0px;}.kadence-column11_79395d-cf > .kt-inside-inner-col,.kadence-column11_79395d-cf > .kt-inside-inner-col:before{border-top-left-radius:0px;border-top-right-radius:0px;border-bottom-right-radius:0px;border-bottom-left-radius:0px;}.kadence-column11_79395d-cf > .kt-inside-inner-col{row-gap:var(--global-kb-gap-sm, 1rem);column-gap:var(--global-kb-gap-sm, 1rem);}.kadence-column11_79395d-cf > .kt-inside-inner-col{flex-direction:column;justify-content:center;align-items:center;}.kadence-column11_79395d-cf > .kt-inside-inner-col > .kb-image-is-ratio-size{align-self:stretch;}.kadence-column11_79395d-cf > .kt-inside-inner-col > .wp-block-kadence-advancedgallery{align-self:stretch;}.kadence-column11_79395d-cf > .kt-inside-inner-col > .aligncenter{width:100%;}.kt-row-column-wrap > .kadence-column11_79395d-cf{align-self:center;}.kt-inner-column-height-full:not(.kt-has-1-columns) > .wp-block-kadence-column.kadence-column11_79395d-cf{align-self:auto;}.kt-inner-column-height-full:not(.kt-has-1-columns) > .wp-block-kadence-column.kadence-column11_79395d-cf > .kt-inside-inner-col{flex-direction:column;justify-content:center;}.kadence-column11_79395d-cf > .kt-inside-inner-col:before{opacity:0.3;}.kadence-column11_79395d-cf{text-align:center;}.kadence-column11_79395d-cf{position:relative;}@media all and (max-width: 1024px){.kt-row-column-wrap > .kadence-column11_79395d-cf{align-self:center;}}@media all and (max-width: 1024px){.kt-inner-column-height-full:not(.kt-has-1-columns) > .wp-block-kadence-column.kadence-column11_79395d-cf{align-self:auto;}}@media all and (max-width: 1024px){.kt-inner-column-height-full:not(.kt-has-1-columns) > .wp-block-kadence-column.kadence-column11_79395d-cf > .kt-inside-inner-col{flex-direction:column;justify-content:center;}}@media all and (max-width: 1024px){.kadence-column11_79395d-cf > .kt-inside-inner-col{flex-direction:column;justify-content:center;align-items:center;}}@media all and (max-width: 767px){.kt-row-column-wrap > .kadence-column11_79395d-cf{align-self:center;}.kt-inner-column-height-full:not(.kt-has-1-columns) > .wp-block-kadence-column.kadence-column11_79395d-cf{align-self:auto;}.kt-inner-column-height-full:not(.kt-has-1-columns) > .wp-block-kadence-column.kadence-column11_79395d-cf > .kt-inside-inner-col{flex-direction:column;justify-content:center;}.kadence-column11_79395d-cf > .kt-inside-inner-col{flex-direction:column;justify-content:center;align-items:center;}}<\/style>\n<div class=\"wp-block-kadence-column kadence-column11_79395d-cf\"><div class=\"kt-inside-inner-col\"><style>.wp-block-kadence-column.kb-section-dir-horizontal > .kt-inside-inner-col > .kt-info-box11_ce254a-f4 .kt-blocks-info-box-link-wrap{max-width:unset;}.kt-info-box11_ce254a-f4 .kt-blocks-info-box-link-wrap{background:var(--global-palette9, #ffffff);padding-top:var(--global-kb-spacing-xs, 1rem);padding-right:var(--global-kb-spacing-xs, 1rem);padding-bottom:var(--global-kb-spacing-xs, 1rem);padding-left:var(--global-kb-spacing-xs, 1rem);}.kt-info-box11_ce254a-f4 .kadence-info-box-icon-container .kt-info-svg-icon, .kt-info-box11_ce254a-f4 .kt-info-svg-icon-flip, .kt-info-box11_ce254a-f4 .kt-blocks-info-box-number{font-size:38px;}.kt-info-box11_ce254a-f4 .kt-blocks-info-box-media{border-color:var(--global-palette7, #eeeeee);border-top-width:0px;border-right-width:0px;border-bottom-width:0px;border-left-width:0px;padding-top:10px;padding-right:10px;padding-bottom:10px;padding-left:10px;}.kt-info-box11_ce254a-f4 .kt-blocks-info-box-media-container{margin-top:0px;margin-right:15px;margin-bottom:0px;margin-left:15px;}.kt-info-box11_ce254a-f4 .kt-infobox-textcontent h3.kt-blocks-info-box-title{padding-top:0px;padding-right:0px;padding-bottom:0px;padding-left:0px;margin-top:5px;margin-right:0px;margin-bottom:10px;margin-left:0px;}.kt-info-box11_ce254a-f4 .kt-blocks-info-box-learnmore{background:transparent;border-width:0px 0px 0px 0px;padding-top:4px;padding-right:8px;padding-bottom:4px;padding-left:8px;margin-top:10px;margin-right:0px;margin-bottom:10px;margin-left:0px;}@media all and (max-width: 767px){.wp-block-kadence-infobox.kt-info-box11_ce254a-f4 .kt-blocks-info-box-text{font-size:15px;}}<\/style>\n<div class=\"wp-block-kadence-infobox kt-info-box11_ce254a-f4\"><span class=\"kt-blocks-info-box-link-wrap info-box-link kt-blocks-info-box-media-align-top kt-info-halign-center\"><div class=\"kt-blocks-info-box-media-container\"><div class=\"kt-blocks-info-box-media kt-info-media-animate-flip\"><div class=\"kadence-info-box-icon-container kt-info-icon-animate-flip\"><div class=\"kadence-info-box-icon-inner-container\"><span class=\"kb-svg-icon-wrap kb-svg-icon-fe_heart kt-info-svg-icon\"><svg viewBox=\"0 0 24 24\"  fill=\"none\" stroke=\"currentColor\" stroke-width=\"2\" stroke-linecap=\"round\" stroke-linejoin=\"round\" xmlns=\"http:\/\/www.w3.org\/2000\/svg\"  aria-hidden=\"true\"><path d=\"M20.84 4.61a5.5 5.5 0 0 0-7.78 0L12 5.67l-1.06-1.06a5.5 5.5 0 0 0-7.78 7.78l1.06 1.06L12 21.23l7.78-7.78 1.06-1.06a5.5 5.5 0 0 0 0-7.78z\"\/><\/svg><\/span><span class=\"kb-svg-icon-wrap kb-svg-icon-fe_camera kt-info-svg-icon-flip\"><svg viewBox=\"0 0 24 24\"  fill=\"none\" stroke=\"currentColor\" stroke-width=\"2\" stroke-linecap=\"round\" stroke-linejoin=\"round\" xmlns=\"http:\/\/www.w3.org\/2000\/svg\"  aria-hidden=\"true\"><path d=\"M23 19a2 2 0 0 1-2 2H3a2 2 0 0 1-2-2V8a2 2 0 0 1 2-2h4l2-3h6l2 3h4a2 2 0 0 1 2 2z\"\/><circle cx=\"12\" cy=\"13\" r=\"4\"\/><\/svg><\/span><\/div><\/div><\/div><\/div><div class=\"kt-infobox-textcontent\"><h3 class=\"kt-blocks-info-box-title\">\u00a1Hola!<\/h3><p class=\"kt-blocks-info-box-text\">Soy Johanna Saldarriaga, m\u00e1s conocida como Johanna Slargvesc, dise\u00f1adora industrial con diplomados en fotograf\u00eda y dise\u00f1o de p\u00e1ginas web.<br>Mi marca se llama\u00a0<strong>Slargvesc<\/strong>\u00a0y desde hace 10 a\u00f1os trabajo en fotograf\u00eda de producto y en la creaci\u00f3n de cat\u00e1logos digitales e impresos con opci\u00f3n de compra integrada.<br>Participo en los proyectos desde la concepci\u00f3n visual, definiendo la idea fotogr\u00e1fica, el dise\u00f1o del cat\u00e1logo y la l\u00ednea est\u00e9tica de cada campa\u00f1a.<br>Actualmente integro esta experiencia con nuevas herramientas como la inteligencia artificial, explorando nuevas formas y resultados en la creaci\u00f3n visual.<br><strong>Te invito a recorrer mi portafolio y, si conectas con mi trabajo, ponerte en contacto conmigo.<\/strong><\/p><\/div><\/span><\/div>\n\n\n<style>.wp-block-kadence-advancedbtn.kb-btns11_909ad5-dc{gap:var(--global-kb-gap-xs, 0.5rem );justify-content:center;align-items:center;}.kt-btns11_909ad5-dc .kt-button{font-weight:normal;font-style:normal;}.kt-btns11_909ad5-dc .kt-btn-wrap-0{margin-right:5px;}.wp-block-kadence-advancedbtn.kt-btns11_909ad5-dc .kt-btn-wrap-0 .kt-button{color:#555555;border-color:#555555;}.wp-block-kadence-advancedbtn.kt-btns11_909ad5-dc .kt-btn-wrap-0 .kt-button:hover, .wp-block-kadence-advancedbtn.kt-btns11_909ad5-dc .kt-btn-wrap-0 .kt-button:focus{color:#ffffff;border-color:#444444;}.wp-block-kadence-advancedbtn.kt-btns11_909ad5-dc .kt-btn-wrap-0 .kt-button::before{display:none;}.wp-block-kadence-advancedbtn.kt-btns11_909ad5-dc .kt-btn-wrap-0 .kt-button:hover, .wp-block-kadence-advancedbtn.kt-btns11_909ad5-dc .kt-btn-wrap-0 .kt-button:focus{background:#444444;}<\/style>\n<div class=\"wp-block-kadence-advancedbtn kb-buttons-wrap kb-btns11_909ad5-dc\"><style>ul.menu .wp-block-kadence-advancedbtn .kb-btn11_c9a440-45.kb-button{width:initial;}<\/style><a class=\"kb-button kt-button button kb-btn11_c9a440-45 kt-btn-size-standard kt-btn-width-type-auto kb-btn-global-fill  kt-btn-has-text-true kt-btn-has-svg-false  wp-block-kadence-singlebtn\" href=\"https:\/\/slargvesc.com\/index.php\/portafolio\/\"><span class=\"kt-btn-inner-text\">Ir a portafolio&#8230;<\/span><\/a><\/div>\n<\/div><\/div>\n","protected":false},"excerpt":{"rendered":"","protected":false},"author":1,"featured_media":0,"parent":0,"menu_order":0,"comment_status":"closed","ping_status":"closed","template":"","meta":{"_kad_post_transparent":"","_kad_post_title":"hide","_kad_post_layout":"fullwidth","_kad_post_sidebar_id":"","_kad_post_content_style":"unboxed","_kad_post_vertical_padding":"hide","_kad_post_feature":"","_kad_post_feature_position":"","_kad_post_header":false,"_kad_post_footer":false,"_kad_post_classname":"","footnotes":""},"class_list":["post-11","page","type-page","status-publish","hentry"],"_links":{"self":[{"href":"https:\/\/slargvesc.com\/index.php\/wp-json\/wp\/v2\/pages\/11","targetHints":{"allow":["GET"]}}],"collection":[{"href":"https:\/\/slargvesc.com\/index.php\/wp-json\/wp\/v2\/pages"}],"about":[{"href":"https:\/\/slargvesc.com\/index.php\/wp-json\/wp\/v2\/types\/page"}],"author":[{"embeddable":true,"href":"https:\/\/slargvesc.com\/index.php\/wp-json\/wp\/v2\/users\/1"}],"replies":[{"embeddable":true,"href":"https:\/\/slargvesc.com\/index.php\/wp-json\/wp\/v2\/comments?post=11"}],"version-history":[{"count":38,"href":"https:\/\/slargvesc.com\/index.php\/wp-json\/wp\/v2\/pages\/11\/revisions"}],"predecessor-version":[{"id":379,"href":"https:\/\/slargvesc.com\/index.php\/wp-json\/wp\/v2\/pages\/11\/revisions\/379"}],"wp:attachment":[{"href":"https:\/\/slargvesc.com\/index.php\/wp-json\/wp\/v2\/media?parent=11"}],"curies":[{"name":"wp","href":"https:\/\/api.w.org\/{rel}","templated":true}]}}